{"id":2972,"date":"2024-03-10T00:16:02","date_gmt":"2024-03-10T00:16:02","guid":{"rendered":"https:\/\/chicscharms.com\/shop\/cadena-cuerda-fina\/"},"modified":"2024-03-10T00:16:02","modified_gmt":"2024-03-10T00:16:02","slug":"cadena-cuerda-fina","status":"publish","type":"product","link":"https:\/\/chicscharms.com\/es\/tienda\/cadena-cuerda-fina\/","title":{"rendered":"Cadena Cuerda Fina"},"content":{"rendered":"<p>La cadena de cuerda fina de plata de ley es una fusi\u00f3n de sencillez y elegancia. Con su dise\u00f1o delgado y minimalista, esta cadena resalta la belleza natural de la plata esterlina y complementa una amplia gama de estilos. Su delicada estructura lo hace ideal para usarlo solo como una sutil declaraci\u00f3n de refinamiento o para usarlo con colgantes para realzar su belleza. Ligera y c\u00f3moda de llevar, esta cadena es una opci\u00f3n vers\u00e1til para el uso diario o para ocasiones especiales, a\u00f1adiendo un toque de sofisticaci\u00f3n a cualquier conjunto con su estilo atemporal.<\/p>\n","protected":false},"excerpt":{"rendered":"<p>Sutil y elegante: cadena delgada de plata.<\/p>\n","protected":false},"featured_media":2969,"comment_status":"open","ping_status":"closed","template":"","meta":{"_et_pb_use_builder":"","_et_pb_old_content":"","_et_gb_content_width":""},"product_brand":[],"product_cat":[271],"product_tag":[139],"class_list":{"0":"post-2972","1":"product","2":"type-product","3":"status-publish","4":"has-post-thumbnail","6":"product_cat-collares","7":"product_tag-solo-plata","9":"first","10":"instock","11":"taxable","12":"shipping-taxable","13":"purchasable","14":"product-type-simple"},"_links":{"self":[{"href":"https:\/\/chicscharms.com\/es\/wp-json\/wp\/v2\/product\/2972"}],"collection":[{"href":"https:\/\/chicscharms.com\/es\/wp-json\/wp\/v2\/product"}],"about":[{"href":"https:\/\/chicscharms.com\/es\/wp-json\/wp\/v2\/types\/product"}],"replies":[{"embeddable":true,"href":"https:\/\/chicscharms.com\/es\/wp-json\/wp\/v2\/comments?post=2972"}],"wp:featuredmedia":[{"embeddable":true,"href":"https:\/\/chicscharms.com\/es\/wp-json\/wp\/v2\/media\/2969"}],"wp:attachment":[{"href":"https:\/\/chicscharms.com\/es\/wp-json\/wp\/v2\/media?parent=2972"}],"wp:term":[{"taxonomy":"product_brand","embeddable":true,"href":"https:\/\/chicscharms.com\/es\/wp-json\/wp\/v2\/product_brand?post=2972"},{"taxonomy":"product_cat","embeddable":true,"href":"https:\/\/chicscharms.com\/es\/wp-json\/wp\/v2\/product_cat?post=2972"},{"taxonomy":"product_tag","embeddable":true,"href":"https:\/\/chicscharms.com\/es\/wp-json\/wp\/v2\/product_tag?post=2972"}],"curies":[{"name":"wp","href":"https:\/\/api.w.org\/{rel}","templated":true}]}}