{"id":2929,"date":"2024-03-03T02:07:00","date_gmt":"2024-03-03T02:07:00","guid":{"rendered":"https:\/\/chicscharms.com\/shop\/aretes-angel-y-diablo\/"},"modified":"2024-03-03T02:07:00","modified_gmt":"2024-03-03T02:07:00","slug":"aretes-angel-y-diablo","status":"publish","type":"product","link":"https:\/\/chicscharms.com\/es\/tienda\/aretes-angel-y-diablo\/","title":{"rendered":"Aretes \u00c1ngel y Diablo"},"content":{"rendered":"<p>Los aretes Angel &amp; Devil son una representaci\u00f3n intrigante de la dualidad humana. Cada par presenta un dise\u00f1o \u00fanico: un pendiente con un \u00e1ngel celestial y el otro con un demonio travieso. Hecho de plata esterlina, cada detalle est\u00e1 meticulosamente elaborado, desde las et\u00e9reas alas del \u00e1ngel hasta los sutiles cuernos del diablo. Estos pendientes provocan conversaciones y reflexiones sobre la naturaleza del bien y del mal. Con un toque de humor y profundidad, son una declaraci\u00f3n de estilo audaz y provocativa que desaf\u00eda las convenciones de la moda tradicional.<\/p>\n","protected":false},"excerpt":{"rendered":"<p>Aretes intrigantes: \u00e1ngel y demonio en plata.<\/p>\n","protected":false},"featured_media":2368,"comment_status":"open","ping_status":"closed","template":"","meta":{"_et_pb_use_builder":"","_et_pb_old_content":"","_et_gb_content_width":""},"product_brand":[],"product_cat":[128],"product_tag":[247,244],"class_list":{"0":"post-2929","1":"product","2":"type-product","3":"status-publish","4":"has-post-thumbnail","6":"product_cat-aretes","7":"product_tag-juvenil","8":"product_tag-moderno","10":"first","11":"instock","12":"taxable","13":"shipping-taxable","14":"purchasable","15":"product-type-simple"},"_links":{"self":[{"href":"https:\/\/chicscharms.com\/es\/wp-json\/wp\/v2\/product\/2929"}],"collection":[{"href":"https:\/\/chicscharms.com\/es\/wp-json\/wp\/v2\/product"}],"about":[{"href":"https:\/\/chicscharms.com\/es\/wp-json\/wp\/v2\/types\/product"}],"replies":[{"embeddable":true,"href":"https:\/\/chicscharms.com\/es\/wp-json\/wp\/v2\/comments?post=2929"}],"wp:featuredmedia":[{"embeddable":true,"href":"https:\/\/chicscharms.com\/es\/wp-json\/wp\/v2\/media\/2368"}],"wp:attachment":[{"href":"https:\/\/chicscharms.com\/es\/wp-json\/wp\/v2\/media?parent=2929"}],"wp:term":[{"taxonomy":"product_brand","embeddable":true,"href":"https:\/\/chicscharms.com\/es\/wp-json\/wp\/v2\/product_brand?post=2929"},{"taxonomy":"product_cat","embeddable":true,"href":"https:\/\/chicscharms.com\/es\/wp-json\/wp\/v2\/product_cat?post=2929"},{"taxonomy":"product_tag","embeddable":true,"href":"https:\/\/chicscharms.com\/es\/wp-json\/wp\/v2\/product_tag?post=2929"}],"curies":[{"name":"wp","href":"https:\/\/api.w.org\/{rel}","templated":true}]}}