{"id":2833,"date":"2024-02-26T03:45:32","date_gmt":"2024-02-26T03:45:32","guid":{"rendered":"https:\/\/chicscharms.com\/shop\/anillo-trebol-de-cuatro-hojas\/"},"modified":"2024-02-26T03:45:32","modified_gmt":"2024-02-26T03:45:32","slug":"anillo-trebol-de-cuatro-hojas","status":"publish","type":"product","link":"https:\/\/chicscharms.com\/es\/tienda\/anillo-trebol-de-cuatro-hojas\/","title":{"rendered":"Anillo Tr\u00e9bol de Cuatro Hojas"},"content":{"rendered":"<p>El anillo de plata de ley con tr\u00e9bol de cuatro hojas encarna la suerte y el encanto de los tr\u00e9boles de cuatro hojas. Inspirado en la tradici\u00f3n de la buena fortuna, su dise\u00f1o delicado y elegante presenta un tr\u00e9bol estilizado con intrincados detalles. Cada hoja representa esperanza, fe, amor y suerte, invocando positividad y protecci\u00f3n. Elaborado con meticulosa artesan\u00eda, este anillo es un recordatorio constante de las oportunidades y la fortuna que nos rodean, y un s\u00edmbolo atemporal de buena suerte y prosperidad.<\/p>\n","protected":false},"excerpt":{"rendered":"<p>Tr\u00e9bol de cuatro hojas, suerte y estilo.<\/p>\n","protected":false},"featured_media":2819,"comment_status":"open","ping_status":"closed","template":"","meta":{"_et_pb_use_builder":"","_et_pb_old_content":"","_et_gb_content_width":""},"product_brand":[],"product_cat":[130],"product_tag":[265,178,249,237],"class_list":{"0":"post-2833","1":"product","2":"type-product","3":"status-publish","4":"has-post-thumbnail","6":"product_cat-anillos","7":"product_tag-colorido","8":"product_tag-flores","9":"product_tag-hojas","10":"product_tag-mistico","12":"first","13":"instock","14":"taxable","15":"shipping-taxable","16":"purchasable","17":"product-type-variable"},"_links":{"self":[{"href":"https:\/\/chicscharms.com\/es\/wp-json\/wp\/v2\/product\/2833"}],"collection":[{"href":"https:\/\/chicscharms.com\/es\/wp-json\/wp\/v2\/product"}],"about":[{"href":"https:\/\/chicscharms.com\/es\/wp-json\/wp\/v2\/types\/product"}],"replies":[{"embeddable":true,"href":"https:\/\/chicscharms.com\/es\/wp-json\/wp\/v2\/comments?post=2833"}],"wp:featuredmedia":[{"embeddable":true,"href":"https:\/\/chicscharms.com\/es\/wp-json\/wp\/v2\/media\/2819"}],"wp:attachment":[{"href":"https:\/\/chicscharms.com\/es\/wp-json\/wp\/v2\/media?parent=2833"}],"wp:term":[{"taxonomy":"product_brand","embeddable":true,"href":"https:\/\/chicscharms.com\/es\/wp-json\/wp\/v2\/product_brand?post=2833"},{"taxonomy":"product_cat","embeddable":true,"href":"https:\/\/chicscharms.com\/es\/wp-json\/wp\/v2\/product_cat?post=2833"},{"taxonomy":"product_tag","embeddable":true,"href":"https:\/\/chicscharms.com\/es\/wp-json\/wp\/v2\/product_tag?post=2833"}],"curies":[{"name":"wp","href":"https:\/\/api.w.org\/{rel}","templated":true}]}}