{"id":2756,"date":"2024-02-26T03:07:31","date_gmt":"2024-02-26T03:07:31","guid":{"rendered":"https:\/\/chicscharms.com\/shop\/anillo-hojas-y-flores\/"},"modified":"2024-02-26T03:07:31","modified_gmt":"2024-02-26T03:07:31","slug":"anillo-hojas-y-flores","status":"publish","type":"product","link":"https:\/\/chicscharms.com\/es\/tienda\/anillo-hojas-y-flores\/","title":{"rendered":"Anillo Hojas Y Flores"},"content":{"rendered":"<p>El anillo Leaves &amp; Flower es una obra de arte natural en plata de primera ley. Con un dise\u00f1o que combina hojas delicadamente esculpidas y una flor en el centro, refleja la elegancia org\u00e1nica de la naturaleza. Disponible en una variedad de colores, cada anillo captura la belleza cambiante de las estaciones. Los detalles intrincados resaltan la artesan\u00eda excepcional y la atenci\u00f3n al detalle. Esta pieza es un homenaje a la serenidad y la renovaci\u00f3n, perfecta para quienes aprecian la conexi\u00f3n con el mundo natural y desean llevar consigo su encanto en cada ocasi\u00f3n.<\/p>\n","protected":false},"excerpt":{"rendered":"<p>Flores y hojas, variedad crom\u00e1tica.<\/p>\n","protected":false},"featured_media":2731,"comment_status":"open","ping_status":"closed","template":"","meta":{"_et_pb_use_builder":"","_et_pb_old_content":"","_et_gb_content_width":""},"product_brand":[],"product_cat":[130],"product_tag":[265,178,249],"class_list":{"0":"post-2756","1":"product","2":"type-product","3":"status-publish","4":"has-post-thumbnail","6":"product_cat-anillos","7":"product_tag-colorido","8":"product_tag-flores","9":"product_tag-hojas","11":"first","12":"instock","13":"taxable","14":"shipping-taxable","15":"purchasable","16":"product-type-variable"},"_links":{"self":[{"href":"https:\/\/chicscharms.com\/es\/wp-json\/wp\/v2\/product\/2756"}],"collection":[{"href":"https:\/\/chicscharms.com\/es\/wp-json\/wp\/v2\/product"}],"about":[{"href":"https:\/\/chicscharms.com\/es\/wp-json\/wp\/v2\/types\/product"}],"replies":[{"embeddable":true,"href":"https:\/\/chicscharms.com\/es\/wp-json\/wp\/v2\/comments?post=2756"}],"wp:featuredmedia":[{"embeddable":true,"href":"https:\/\/chicscharms.com\/es\/wp-json\/wp\/v2\/media\/2731"}],"wp:attachment":[{"href":"https:\/\/chicscharms.com\/es\/wp-json\/wp\/v2\/media?parent=2756"}],"wp:term":[{"taxonomy":"product_brand","embeddable":true,"href":"https:\/\/chicscharms.com\/es\/wp-json\/wp\/v2\/product_brand?post=2756"},{"taxonomy":"product_cat","embeddable":true,"href":"https:\/\/chicscharms.com\/es\/wp-json\/wp\/v2\/product_cat?post=2756"},{"taxonomy":"product_tag","embeddable":true,"href":"https:\/\/chicscharms.com\/es\/wp-json\/wp\/v2\/product_tag?post=2756"}],"curies":[{"name":"wp","href":"https:\/\/api.w.org\/{rel}","templated":true}]}}