{"id":2632,"date":"2024-02-26T02:12:00","date_gmt":"2024-02-26T02:12:00","guid":{"rendered":"https:\/\/chicscharms.com\/shop\/anillo-corazon-colorido\/"},"modified":"2024-02-26T02:12:00","modified_gmt":"2024-02-26T02:12:00","slug":"anillo-corazon-colorido","status":"publish","type":"product","link":"https:\/\/chicscharms.com\/es\/tienda\/anillo-corazon-colorido\/","title":{"rendered":"Anillo Coraz\u00f3n Colorido"},"content":{"rendered":"<p>El anillo Color Heart ofrece un toque vibrante y alegre a tu estilo cotidiano. Dise\u00f1ado en plata de ley, presenta un encantador coraz\u00f3n resaltado por una gema brillante en el centro, disponible en una variedad de colores cautivadores. Cada gema irradia una energ\u00eda \u00fanica, reflejando tu personalidad y estilo. Los detalles cuidadosamente elaborados alrededor del coraz\u00f3n a\u00f1aden encanto adicional y un toque de sofisticaci\u00f3n. Este anillo es una expresi\u00f3n de amor, alegr\u00eda y estilo que ilumina cualquier ocasi\u00f3n con su radiante belleza.<\/p>\n","protected":false},"excerpt":{"rendered":"<p>Coraz\u00f3n brillante, colores brillantes.<\/p>\n","protected":false},"featured_media":2609,"comment_status":"open","ping_status":"closed","template":"","meta":{"_et_pb_use_builder":"","_et_pb_old_content":"","_et_gb_content_width":""},"product_brand":[],"product_cat":[130],"product_tag":[135],"class_list":{"0":"post-2632","1":"product","2":"type-product","3":"status-publish","4":"has-post-thumbnail","6":"product_cat-anillos","7":"product_tag-corazon","9":"first","10":"instock","11":"taxable","12":"shipping-taxable","13":"purchasable","14":"product-type-variable"},"_links":{"self":[{"href":"https:\/\/chicscharms.com\/es\/wp-json\/wp\/v2\/product\/2632"}],"collection":[{"href":"https:\/\/chicscharms.com\/es\/wp-json\/wp\/v2\/product"}],"about":[{"href":"https:\/\/chicscharms.com\/es\/wp-json\/wp\/v2\/types\/product"}],"replies":[{"embeddable":true,"href":"https:\/\/chicscharms.com\/es\/wp-json\/wp\/v2\/comments?post=2632"}],"wp:featuredmedia":[{"embeddable":true,"href":"https:\/\/chicscharms.com\/es\/wp-json\/wp\/v2\/media\/2609"}],"wp:attachment":[{"href":"https:\/\/chicscharms.com\/es\/wp-json\/wp\/v2\/media?parent=2632"}],"wp:term":[{"taxonomy":"product_brand","embeddable":true,"href":"https:\/\/chicscharms.com\/es\/wp-json\/wp\/v2\/product_brand?post=2632"},{"taxonomy":"product_cat","embeddable":true,"href":"https:\/\/chicscharms.com\/es\/wp-json\/wp\/v2\/product_cat?post=2632"},{"taxonomy":"product_tag","embeddable":true,"href":"https:\/\/chicscharms.com\/es\/wp-json\/wp\/v2\/product_tag?post=2632"}],"curies":[{"name":"wp","href":"https:\/\/api.w.org\/{rel}","templated":true}]}}