{"id":2504,"date":"2024-02-26T00:59:43","date_gmt":"2024-02-26T00:59:43","guid":{"rendered":"https:\/\/chicscharms.com\/shop\/conjunto-aguacates\/"},"modified":"2024-02-26T00:59:43","modified_gmt":"2024-02-26T00:59:43","slug":"conjunto-aguacates","status":"publish","type":"product","link":"https:\/\/chicscharms.com\/es\/tienda\/conjunto-aguacates\/","title":{"rendered":"Conjunto Aguacates"},"content":{"rendered":"<p>El juego Avocado celebra la frescura y la vitalidad con un dise\u00f1o en plata esterlina que rinde homenaje al encanto del aguacate. Los aretes y el colgante capturan la forma \u00fanica y divertida del aguacate, transmitiendo un aire de frescura y estilo. Los detalles intrincados resaltan las texturas y los contornos de la fruta, a\u00f1adiendo un toque de diversi\u00f3n y originalidad a tu estilo. Perfecto para los amantes de la moda y la originalidad, este conjunto es una encantadora expresi\u00f3n de creatividad y buen gusto, ideal para a\u00f1adir un toque \u00fanico a cualquier ocasi\u00f3n.<\/p>\n<p><em>*Este producto no incluye collar.<\/em><\/p>\n","protected":false},"excerpt":{"rendered":"<p>Aguacate, frescura y estilo.<\/p>\n","protected":false},"featured_media":2495,"comment_status":"open","ping_status":"closed","template":"","meta":{"_et_pb_use_builder":"","_et_pb_old_content":"","_et_gb_content_width":""},"product_brand":[],"product_cat":[132],"product_tag":[199,247],"class_list":{"0":"post-2504","1":"product","2":"type-product","3":"status-publish","4":"has-post-thumbnail","6":"product_cat-conjuntos","7":"product_tag-fruit-es","8":"product_tag-juvenil","10":"first","11":"instock","12":"taxable","13":"shipping-taxable","14":"purchasable","15":"product-type-simple"},"_links":{"self":[{"href":"https:\/\/chicscharms.com\/es\/wp-json\/wp\/v2\/product\/2504"}],"collection":[{"href":"https:\/\/chicscharms.com\/es\/wp-json\/wp\/v2\/product"}],"about":[{"href":"https:\/\/chicscharms.com\/es\/wp-json\/wp\/v2\/types\/product"}],"replies":[{"embeddable":true,"href":"https:\/\/chicscharms.com\/es\/wp-json\/wp\/v2\/comments?post=2504"}],"wp:featuredmedia":[{"embeddable":true,"href":"https:\/\/chicscharms.com\/es\/wp-json\/wp\/v2\/media\/2495"}],"wp:attachment":[{"href":"https:\/\/chicscharms.com\/es\/wp-json\/wp\/v2\/media?parent=2504"}],"wp:term":[{"taxonomy":"product_brand","embeddable":true,"href":"https:\/\/chicscharms.com\/es\/wp-json\/wp\/v2\/product_brand?post=2504"},{"taxonomy":"product_cat","embeddable":true,"href":"https:\/\/chicscharms.com\/es\/wp-json\/wp\/v2\/product_cat?post=2504"},{"taxonomy":"product_tag","embeddable":true,"href":"https:\/\/chicscharms.com\/es\/wp-json\/wp\/v2\/product_tag?post=2504"}],"curies":[{"name":"wp","href":"https:\/\/api.w.org\/{rel}","templated":true}]}}