{"id":2490,"date":"2024-02-26T00:52:15","date_gmt":"2024-02-26T00:52:15","guid":{"rendered":"https:\/\/chicscharms.com\/shop\/colgante-colibri\/"},"modified":"2024-02-26T00:52:15","modified_gmt":"2024-02-26T00:52:15","slug":"colgante-colibri","status":"publish","type":"product","link":"https:\/\/chicscharms.com\/es\/tienda\/colgante-colibri\/","title":{"rendered":"Colgante Colibr\u00ed"},"content":{"rendered":"<p>El colgante Colibr\u00ed captura la gracia y la energ\u00eda del colibr\u00ed en una obra de arte de plata esterlina. Este encantador colgante, elaborado con detalle, muestra la forma elegante y delicada del colibr\u00ed, un s\u00edmbolo de alegr\u00eda y vitalidad. Sus l\u00edneas fluidas y refinadas dan vida a la esencia del vuelo, mientras que su intrincado dise\u00f1o resalta cada plumaje con brillo. Perfecto para quienes aprecian la naturaleza y la belleza en sus accesorios, este colgante a\u00f1ade un toque de encanto y elegancia a cualquier conjunto, ya sea informal o formal.<\/p>\n<p><em>*Este producto no incluye collar.<\/em><\/p>\n","protected":false},"excerpt":{"rendered":"<p>Colibr\u00ed, energ\u00eda y gracia.<\/p>\n","protected":false},"featured_media":2483,"comment_status":"open","ping_status":"closed","template":"","meta":{"_et_pb_use_builder":"","_et_pb_old_content":"","_et_gb_content_width":""},"product_brand":[],"product_cat":[129],"product_tag":[203,265,247],"class_list":{"0":"post-2490","1":"product","2":"type-product","3":"status-publish","4":"has-post-thumbnail","6":"product_cat-colgante","7":"product_tag-animales","8":"product_tag-colorido","9":"product_tag-juvenil","11":"first","12":"instock","13":"taxable","14":"shipping-taxable","15":"purchasable","16":"product-type-variable"},"_links":{"self":[{"href":"https:\/\/chicscharms.com\/es\/wp-json\/wp\/v2\/product\/2490"}],"collection":[{"href":"https:\/\/chicscharms.com\/es\/wp-json\/wp\/v2\/product"}],"about":[{"href":"https:\/\/chicscharms.com\/es\/wp-json\/wp\/v2\/types\/product"}],"replies":[{"embeddable":true,"href":"https:\/\/chicscharms.com\/es\/wp-json\/wp\/v2\/comments?post=2490"}],"wp:featuredmedia":[{"embeddable":true,"href":"https:\/\/chicscharms.com\/es\/wp-json\/wp\/v2\/media\/2483"}],"wp:attachment":[{"href":"https:\/\/chicscharms.com\/es\/wp-json\/wp\/v2\/media?parent=2490"}],"wp:term":[{"taxonomy":"product_brand","embeddable":true,"href":"https:\/\/chicscharms.com\/es\/wp-json\/wp\/v2\/product_brand?post=2490"},{"taxonomy":"product_cat","embeddable":true,"href":"https:\/\/chicscharms.com\/es\/wp-json\/wp\/v2\/product_cat?post=2490"},{"taxonomy":"product_tag","embeddable":true,"href":"https:\/\/chicscharms.com\/es\/wp-json\/wp\/v2\/product_tag?post=2490"}],"curies":[{"name":"wp","href":"https:\/\/api.w.org\/{rel}","templated":true}]}}