{"id":1779,"date":"2024-02-20T02:39:30","date_gmt":"2024-02-20T02:39:30","guid":{"rendered":"https:\/\/chicscharms.com\/shop\/brazalete-patron-de-adn\/"},"modified":"2024-02-20T02:39:30","modified_gmt":"2024-02-20T02:39:30","slug":"brazalete-patron-de-adn","status":"publish","type":"product","link":"https:\/\/chicscharms.com\/es\/tienda\/brazalete-patron-de-adn\/","title":{"rendered":"Brazalete Patr\u00f3n de ADN"},"content":{"rendered":"<p>La pulsera DNA Pattern es una oda a la complejidad y la belleza de la vida, realizada en plata de ley. Inspirada en la estructura del ADN, esta pulsera presenta un intrincado patr\u00f3n entrelazado que evoca la esencia misma de la existencia. Cada detalle refleja la interconexi\u00f3n y armon\u00eda inherentes al universo. La plata esterlina pulida resalta la elegancia del dise\u00f1o, mientras que su construcci\u00f3n robusta garantiza durabilidad y un estilo duradero. Con la pulsera con patr\u00f3n de ADN, lleve consigo un s\u00edmbolo atemporal de la maravilla y la complejidad de la vida.<\/p>\n","protected":false},"excerpt":{"rendered":"<p>Elegante dise\u00f1o en plata inspirado en el ADN.<\/p>\n","protected":false},"featured_media":1768,"comment_status":"open","ping_status":"closed","template":"","meta":{"_et_pb_use_builder":"","_et_pb_old_content":"","_et_gb_content_width":""},"product_brand":[],"product_cat":[127],"product_tag":[247,244,139],"class_list":{"0":"post-1779","1":"product","2":"type-product","3":"status-publish","4":"has-post-thumbnail","6":"product_cat-pulseras","7":"product_tag-juvenil","8":"product_tag-moderno","9":"product_tag-solo-plata","11":"first","12":"instock","13":"taxable","14":"shipping-taxable","15":"purchasable","16":"product-type-simple"},"_links":{"self":[{"href":"https:\/\/chicscharms.com\/es\/wp-json\/wp\/v2\/product\/1779"}],"collection":[{"href":"https:\/\/chicscharms.com\/es\/wp-json\/wp\/v2\/product"}],"about":[{"href":"https:\/\/chicscharms.com\/es\/wp-json\/wp\/v2\/types\/product"}],"replies":[{"embeddable":true,"href":"https:\/\/chicscharms.com\/es\/wp-json\/wp\/v2\/comments?post=1779"}],"wp:featuredmedia":[{"embeddable":true,"href":"https:\/\/chicscharms.com\/es\/wp-json\/wp\/v2\/media\/1768"}],"wp:attachment":[{"href":"https:\/\/chicscharms.com\/es\/wp-json\/wp\/v2\/media?parent=1779"}],"wp:term":[{"taxonomy":"product_brand","embeddable":true,"href":"https:\/\/chicscharms.com\/es\/wp-json\/wp\/v2\/product_brand?post=1779"},{"taxonomy":"product_cat","embeddable":true,"href":"https:\/\/chicscharms.com\/es\/wp-json\/wp\/v2\/product_cat?post=1779"},{"taxonomy":"product_tag","embeddable":true,"href":"https:\/\/chicscharms.com\/es\/wp-json\/wp\/v2\/product_tag?post=1779"}],"curies":[{"name":"wp","href":"https:\/\/api.w.org\/{rel}","templated":true}]}}