{"id":1663,"date":"2024-02-10T03:01:00","date_gmt":"2024-02-10T03:01:00","guid":{"rendered":"https:\/\/chicscharms.com\/shop\/colgante-eter-de-plata\/"},"modified":"2024-02-10T03:01:00","modified_gmt":"2024-02-10T03:01:00","slug":"colgante-eter-de-plata","status":"publish","type":"product","link":"https:\/\/chicscharms.com\/es\/tienda\/colgante-eter-de-plata\/","title":{"rendered":"Colgante \u00c9ter de Plata"},"content":{"rendered":"<p>El colgante Silver Aether evoca la magia de la aurora boreal en una obra maestra de plata esterlina y cristal. El cristal en forma de gota invertida irradia una belleza et\u00e9rea, rodeado de p\u00faas plateadas que capturan la luz con misteriosos destellos. Cada detalle resalta la elegancia y el encanto de este accesorio \u00fanico. Una fusi\u00f3n de lo celestial y lo terrenal, este colgante es un homenaje a la belleza ef\u00edmera del universo.<\/p>\n","protected":false},"excerpt":{"rendered":"<p>Luz plateada en la oscuridad.<\/p>\n","protected":false},"featured_media":1660,"comment_status":"open","ping_status":"closed","template":"","meta":{"_et_pb_use_builder":"","_et_pb_old_content":"","_et_gb_content_width":""},"product_brand":[],"product_cat":[129],"product_tag":[137,243,193,237],"class_list":{"0":"post-1663","1":"product","2":"type-product","3":"status-publish","4":"has-post-thumbnail","6":"product_cat-colgante","7":"product_tag-brillante","8":"product_tag-elegante","9":"product_tag-gota","10":"product_tag-mistico","12":"first","13":"instock","14":"taxable","15":"shipping-taxable","16":"purchasable","17":"product-type-simple"},"_links":{"self":[{"href":"https:\/\/chicscharms.com\/es\/wp-json\/wp\/v2\/product\/1663"}],"collection":[{"href":"https:\/\/chicscharms.com\/es\/wp-json\/wp\/v2\/product"}],"about":[{"href":"https:\/\/chicscharms.com\/es\/wp-json\/wp\/v2\/types\/product"}],"replies":[{"embeddable":true,"href":"https:\/\/chicscharms.com\/es\/wp-json\/wp\/v2\/comments?post=1663"}],"wp:featuredmedia":[{"embeddable":true,"href":"https:\/\/chicscharms.com\/es\/wp-json\/wp\/v2\/media\/1660"}],"wp:attachment":[{"href":"https:\/\/chicscharms.com\/es\/wp-json\/wp\/v2\/media?parent=1663"}],"wp:term":[{"taxonomy":"product_brand","embeddable":true,"href":"https:\/\/chicscharms.com\/es\/wp-json\/wp\/v2\/product_brand?post=1663"},{"taxonomy":"product_cat","embeddable":true,"href":"https:\/\/chicscharms.com\/es\/wp-json\/wp\/v2\/product_cat?post=1663"},{"taxonomy":"product_tag","embeddable":true,"href":"https:\/\/chicscharms.com\/es\/wp-json\/wp\/v2\/product_tag?post=1663"}],"curies":[{"name":"wp","href":"https:\/\/api.w.org\/{rel}","templated":true}]}}