{"id":1639,"date":"2024-02-08T14:54:26","date_gmt":"2024-02-08T14:54:26","guid":{"rendered":"https:\/\/chicscharms.com\/shop\/colgante-arbol-de-la-vida\/"},"modified":"2024-02-08T14:54:26","modified_gmt":"2024-02-08T14:54:26","slug":"colgante-arbol-de-la-vida","status":"publish","type":"product","link":"https:\/\/chicscharms.com\/es\/tienda\/colgante-arbol-de-la-vida\/","title":{"rendered":"Colgante \u00c1rbol de la Vida"},"content":{"rendered":"<p>Nuestro Colgante \u00c1rbol de la Vida es un s\u00edmbolo arraigado en la fuerza y la conexi\u00f3n con la naturaleza. Elaborado en plata de ley, este colgante presenta un dise\u00f1o detallado que representa la sabidur\u00eda, la creaci\u00f3n y el crecimiento. Las ramas entrelazadas y las ra\u00edces profundas simbolizan la interconexi\u00f3n de toda la vida. Esta pieza atemporal evoca una sensaci\u00f3n de arraigo y armon\u00eda con el mundo que nos rodea. Con su elegancia y profundo significado, el Colgante \u00c1rbol de la Vida es m\u00e1s que una joya; es un recordatorio de la belleza y la abundancia que se encuentran en cada ciclo de la vida.<\/p>\n","protected":false},"excerpt":{"rendered":"<p>Conexi\u00f3n eterna con la naturaleza.<\/p>\n","protected":false},"featured_media":1638,"comment_status":"open","ping_status":"closed","template":"","meta":{"_et_pb_use_builder":"","_et_pb_old_content":"","_et_gb_content_width":""},"product_brand":[],"product_cat":[129],"product_tag":[237,139],"class_list":{"0":"post-1639","1":"product","2":"type-product","3":"status-publish","4":"has-post-thumbnail","6":"product_cat-colgante","7":"product_tag-mistico","8":"product_tag-solo-plata","10":"first","11":"instock","12":"taxable","13":"shipping-taxable","14":"purchasable","15":"product-type-simple"},"_links":{"self":[{"href":"https:\/\/chicscharms.com\/es\/wp-json\/wp\/v2\/product\/1639"}],"collection":[{"href":"https:\/\/chicscharms.com\/es\/wp-json\/wp\/v2\/product"}],"about":[{"href":"https:\/\/chicscharms.com\/es\/wp-json\/wp\/v2\/types\/product"}],"replies":[{"embeddable":true,"href":"https:\/\/chicscharms.com\/es\/wp-json\/wp\/v2\/comments?post=1639"}],"wp:featuredmedia":[{"embeddable":true,"href":"https:\/\/chicscharms.com\/es\/wp-json\/wp\/v2\/media\/1638"}],"wp:attachment":[{"href":"https:\/\/chicscharms.com\/es\/wp-json\/wp\/v2\/media?parent=1639"}],"wp:term":[{"taxonomy":"product_brand","embeddable":true,"href":"https:\/\/chicscharms.com\/es\/wp-json\/wp\/v2\/product_brand?post=1639"},{"taxonomy":"product_cat","embeddable":true,"href":"https:\/\/chicscharms.com\/es\/wp-json\/wp\/v2\/product_cat?post=1639"},{"taxonomy":"product_tag","embeddable":true,"href":"https:\/\/chicscharms.com\/es\/wp-json\/wp\/v2\/product_tag?post=1639"}],"curies":[{"name":"wp","href":"https:\/\/api.w.org\/{rel}","templated":true}]}}