{"id":1618,"date":"2024-02-08T14:01:22","date_gmt":"2024-02-08T14:01:22","guid":{"rendered":"https:\/\/chicscharms.com\/shop\/conjunto-mal-de-ojo\/"},"modified":"2024-02-08T14:01:22","modified_gmt":"2024-02-08T14:01:22","slug":"conjunto-mal-de-ojo","status":"publish","type":"product","link":"https:\/\/chicscharms.com\/es\/tienda\/conjunto-mal-de-ojo\/","title":{"rendered":"Conjunto Mal de Ojo"},"content":{"rendered":"<p>Nuestro conjunto de mal de ojo es un s\u00edmbolo de protecci\u00f3n y estilo. Este juego de cadena con colgante y pendientes presenta el ic\u00f3nico ojo turco, un amuleto que se cree que protege contra la envidia y el mal de ojo. El colgante, de cautivador dise\u00f1o, y los pendientes a juego a\u00f1aden un toque de misticismo y elegancia a cualquier conjunto. Elaborado con materiales de calidad y detalles meticulosos, este conjunto es m\u00e1s que una declaraci\u00f3n de moda: es una declaraci\u00f3n de protecci\u00f3n y positividad. Lleva contigo la energ\u00eda protectora y el encanto cautivador del Conjunto Mal de Ojo.<\/p>\n","protected":false},"excerpt":{"rendered":"<p>Protecci\u00f3n elegante, estilo cautivador.<\/p>\n","protected":false},"featured_media":1613,"comment_status":"open","ping_status":"closed","template":"","meta":{"_et_pb_use_builder":"","_et_pb_old_content":"","_et_gb_content_width":""},"product_brand":[],"product_cat":[132],"product_tag":[137,237],"class_list":{"0":"post-1618","1":"product","2":"type-product","3":"status-publish","4":"has-post-thumbnail","6":"product_cat-conjuntos","7":"product_tag-brillante","8":"product_tag-mistico","10":"first","11":"instock","12":"taxable","13":"shipping-taxable","14":"purchasable","15":"product-type-simple"},"_links":{"self":[{"href":"https:\/\/chicscharms.com\/es\/wp-json\/wp\/v2\/product\/1618"}],"collection":[{"href":"https:\/\/chicscharms.com\/es\/wp-json\/wp\/v2\/product"}],"about":[{"href":"https:\/\/chicscharms.com\/es\/wp-json\/wp\/v2\/types\/product"}],"replies":[{"embeddable":true,"href":"https:\/\/chicscharms.com\/es\/wp-json\/wp\/v2\/comments?post=1618"}],"wp:featuredmedia":[{"embeddable":true,"href":"https:\/\/chicscharms.com\/es\/wp-json\/wp\/v2\/media\/1613"}],"wp:attachment":[{"href":"https:\/\/chicscharms.com\/es\/wp-json\/wp\/v2\/media?parent=1618"}],"wp:term":[{"taxonomy":"product_brand","embeddable":true,"href":"https:\/\/chicscharms.com\/es\/wp-json\/wp\/v2\/product_brand?post=1618"},{"taxonomy":"product_cat","embeddable":true,"href":"https:\/\/chicscharms.com\/es\/wp-json\/wp\/v2\/product_cat?post=1618"},{"taxonomy":"product_tag","embeddable":true,"href":"https:\/\/chicscharms.com\/es\/wp-json\/wp\/v2\/product_tag?post=1618"}],"curies":[{"name":"wp","href":"https:\/\/api.w.org\/{rel}","templated":true}]}}