{"id":1610,"date":"2024-02-08T03:46:59","date_gmt":"2024-02-08T03:46:59","guid":{"rendered":"https:\/\/chicscharms.com\/shop\/conjunto-pequenos-craneos\/"},"modified":"2024-02-08T03:46:59","modified_gmt":"2024-02-08T03:46:59","slug":"conjunto-pequenos-craneos","status":"publish","type":"product","link":"https:\/\/chicscharms.com\/es\/tienda\/conjunto-pequenos-craneos\/","title":{"rendered":"Conjunto Peque\u00f1os Cr\u00e1neos"},"content":{"rendered":"<p>Nuestro set de calaveras peque\u00f1as fusiona la elegancia con un encanto atrevido. Este conjunto de colgante y pendientes presenta peque\u00f1as calaveras que a\u00f1aden un toque de estilo alternativo y misterio. El colgante de intrincado dise\u00f1o y los pendientes a juego evocan un aura de singularidad y oscura sofisticaci\u00f3n. Elaborado con precisi\u00f3n y atenci\u00f3n al detalle, este conjunto es una declaraci\u00f3n de individualidad y audacia. Perfecto para aquellos que desean destacar, el conjunto Small Skulls ofrece una combinaci\u00f3n \u00fanica de moda y car\u00e1cter, desafiando las convenciones y celebrando la singularidad en cada detalle.<\/p>\n","protected":false},"excerpt":{"rendered":"<p>Atrevida elegancia, encanto misterioso.<\/p>\n","protected":false},"featured_media":1605,"comment_status":"open","ping_status":"closed","template":"","meta":{"_et_pb_use_builder":"","_et_pb_old_content":"","_et_gb_content_width":""},"product_brand":[],"product_cat":[132],"product_tag":[137,139],"class_list":{"0":"post-1610","1":"product","2":"type-product","3":"status-publish","4":"has-post-thumbnail","6":"product_cat-conjuntos","7":"product_tag-brillante","8":"product_tag-solo-plata","10":"first","11":"instock","12":"taxable","13":"shipping-taxable","14":"purchasable","15":"product-type-simple"},"_links":{"self":[{"href":"https:\/\/chicscharms.com\/es\/wp-json\/wp\/v2\/product\/1610"}],"collection":[{"href":"https:\/\/chicscharms.com\/es\/wp-json\/wp\/v2\/product"}],"about":[{"href":"https:\/\/chicscharms.com\/es\/wp-json\/wp\/v2\/types\/product"}],"replies":[{"embeddable":true,"href":"https:\/\/chicscharms.com\/es\/wp-json\/wp\/v2\/comments?post=1610"}],"wp:featuredmedia":[{"embeddable":true,"href":"https:\/\/chicscharms.com\/es\/wp-json\/wp\/v2\/media\/1605"}],"wp:attachment":[{"href":"https:\/\/chicscharms.com\/es\/wp-json\/wp\/v2\/media?parent=1610"}],"wp:term":[{"taxonomy":"product_brand","embeddable":true,"href":"https:\/\/chicscharms.com\/es\/wp-json\/wp\/v2\/product_brand?post=1610"},{"taxonomy":"product_cat","embeddable":true,"href":"https:\/\/chicscharms.com\/es\/wp-json\/wp\/v2\/product_cat?post=1610"},{"taxonomy":"product_tag","embeddable":true,"href":"https:\/\/chicscharms.com\/es\/wp-json\/wp\/v2\/product_tag?post=1610"}],"curies":[{"name":"wp","href":"https:\/\/api.w.org\/{rel}","templated":true}]}}