{"id":1579,"date":"2024-02-07T03:31:19","date_gmt":"2024-02-07T03:31:19","guid":{"rendered":"https:\/\/chicscharms.com\/shop\/binder-ring\/"},"modified":"2024-02-07T03:31:19","modified_gmt":"2024-02-07T03:31:19","slug":"binder-ring","status":"publish","type":"product","link":"https:\/\/chicscharms.com\/es\/tienda\/binder-ring\/","title":{"rendered":"Binder Ring"},"content":{"rendered":"<p>Nuestro Binder Ring es una fusi\u00f3n de elegancia y funcionalidad. Elaborado en plata de ley, este anillo presenta un dise\u00f1o \u00fanico inspirado en las anillas de las carpetas, con detalles finamente trabajados que evocan una sensaci\u00f3n de organizaci\u00f3n y estilo. Su forma distintiva y su acabado pulido a\u00f1aden un toque de modernidad a cualquier conjunto. Este anillo es m\u00e1s que una pieza de joyer\u00eda; es un s\u00edmbolo de orden y refinamiento que complementa con su versatilidad y distinci\u00f3n tanto atuendos informales como formales.<\/p>\n","protected":false},"excerpt":{"rendered":"<p>Funcionalidad elegante: Estilo organizado.<\/p>\n","protected":false},"featured_media":1576,"comment_status":"open","ping_status":"closed","template":"","meta":{"_et_pb_use_builder":"","_et_pb_old_content":"","_et_gb_content_width":""},"product_brand":[],"product_cat":[130],"product_tag":[205,244],"class_list":{"0":"post-1579","1":"product","2":"type-product","3":"status-publish","4":"has-post-thumbnail","6":"product_cat-anillos","7":"product_tag-minimalista","8":"product_tag-moderno","10":"first","11":"instock","12":"taxable","13":"shipping-taxable","14":"purchasable","15":"product-type-variable"},"_links":{"self":[{"href":"https:\/\/chicscharms.com\/es\/wp-json\/wp\/v2\/product\/1579"}],"collection":[{"href":"https:\/\/chicscharms.com\/es\/wp-json\/wp\/v2\/product"}],"about":[{"href":"https:\/\/chicscharms.com\/es\/wp-json\/wp\/v2\/types\/product"}],"replies":[{"embeddable":true,"href":"https:\/\/chicscharms.com\/es\/wp-json\/wp\/v2\/comments?post=1579"}],"wp:featuredmedia":[{"embeddable":true,"href":"https:\/\/chicscharms.com\/es\/wp-json\/wp\/v2\/media\/1576"}],"wp:attachment":[{"href":"https:\/\/chicscharms.com\/es\/wp-json\/wp\/v2\/media?parent=1579"}],"wp:term":[{"taxonomy":"product_brand","embeddable":true,"href":"https:\/\/chicscharms.com\/es\/wp-json\/wp\/v2\/product_brand?post=1579"},{"taxonomy":"product_cat","embeddable":true,"href":"https:\/\/chicscharms.com\/es\/wp-json\/wp\/v2\/product_cat?post=1579"},{"taxonomy":"product_tag","embeddable":true,"href":"https:\/\/chicscharms.com\/es\/wp-json\/wp\/v2\/product_tag?post=1579"}],"curies":[{"name":"wp","href":"https:\/\/api.w.org\/{rel}","templated":true}]}}