{"id":1560,"date":"2024-02-06T03:25:57","date_gmt":"2024-02-06T03:25:57","guid":{"rendered":"https:\/\/chicscharms.com\/shop\/anillo-delfin-de-medio-dedo\/"},"modified":"2024-02-06T03:25:57","modified_gmt":"2024-02-06T03:25:57","slug":"anillo-delfin-de-medio-dedo","status":"publish","type":"product","link":"https:\/\/chicscharms.com\/es\/tienda\/anillo-delfin-de-medio-dedo\/","title":{"rendered":"Anillo Delf\u00edn De Medio Dedo"},"content":{"rendered":"<p>Nuestro anillo delf\u00edn de medio dedo es una oda a la gracia y la libertad del oc\u00e9ano. Elaborado en plata de ley, este anillo presenta un encantador dise\u00f1o con un delf\u00edn delicadamente esculpido que rodea parte del dedo. Capturando la esencia del mar, cada detalle refleja la majestuosidad y la alegr\u00eda de estos fascinantes animales marinos. Con su estilo distintivo y su significativo simbolismo, este anillo es una declaraci\u00f3n de conexi\u00f3n con la naturaleza y un recordatorio de la infinita belleza que yace en las profundidades del oc\u00e9ano.<\/p>\n","protected":false},"excerpt":{"rendered":"<p>Gracia marina: Elegancia en movimiento.<\/p>\n","protected":false},"featured_media":1555,"comment_status":"open","ping_status":"closed","template":"","meta":{"_et_pb_use_builder":"","_et_pb_old_content":"","_et_gb_content_width":""},"product_brand":[],"product_cat":[130],"product_tag":[203,243,139],"class_list":{"0":"post-1560","1":"product","2":"type-product","3":"status-publish","4":"has-post-thumbnail","6":"product_cat-anillos","7":"product_tag-animales","8":"product_tag-elegante","9":"product_tag-solo-plata","11":"first","12":"instock","13":"taxable","14":"shipping-taxable","15":"purchasable","16":"product-type-simple"},"_links":{"self":[{"href":"https:\/\/chicscharms.com\/es\/wp-json\/wp\/v2\/product\/1560"}],"collection":[{"href":"https:\/\/chicscharms.com\/es\/wp-json\/wp\/v2\/product"}],"about":[{"href":"https:\/\/chicscharms.com\/es\/wp-json\/wp\/v2\/types\/product"}],"replies":[{"embeddable":true,"href":"https:\/\/chicscharms.com\/es\/wp-json\/wp\/v2\/comments?post=1560"}],"wp:featuredmedia":[{"embeddable":true,"href":"https:\/\/chicscharms.com\/es\/wp-json\/wp\/v2\/media\/1555"}],"wp:attachment":[{"href":"https:\/\/chicscharms.com\/es\/wp-json\/wp\/v2\/media?parent=1560"}],"wp:term":[{"taxonomy":"product_brand","embeddable":true,"href":"https:\/\/chicscharms.com\/es\/wp-json\/wp\/v2\/product_brand?post=1560"},{"taxonomy":"product_cat","embeddable":true,"href":"https:\/\/chicscharms.com\/es\/wp-json\/wp\/v2\/product_cat?post=1560"},{"taxonomy":"product_tag","embeddable":true,"href":"https:\/\/chicscharms.com\/es\/wp-json\/wp\/v2\/product_tag?post=1560"}],"curies":[{"name":"wp","href":"https:\/\/api.w.org\/{rel}","templated":true}]}}