{"id":1429,"date":"2024-02-04T20:24:29","date_gmt":"2024-02-04T20:24:29","guid":{"rendered":"https:\/\/chicscharms.com\/shop\/pulsera-gotas-de-lagrimas\/"},"modified":"2024-02-25T17:42:11","modified_gmt":"2024-02-25T17:42:11","slug":"pulsera-gotas-de-lagrimas","status":"publish","type":"product","link":"https:\/\/chicscharms.com\/es\/tienda\/pulsera-gotas-de-lagrimas\/","title":{"rendered":"Pulsera Gotas De L\u00e1grimas"},"content":{"rendered":"<p>Nuestra pulsera Teardrops es una expresi\u00f3n de elegancia y alegr\u00eda en cada gota. Elaborada en plata de ley, esta pulsera presenta una colecci\u00f3n de delicadas gotas en una gama de vibrantes colores, cada una de las cuales capta la luz con su propia luminosidad. La combinaci\u00f3n de tonos crea un espect\u00e1culo visual \u00fanico, que evoca emociones y recuerdos. La meticulosa artesan\u00eda y los exquisitos detalles hacen de esta pulsera una obra de arte que complementa cualquier atuendo con su encanto y sofisticaci\u00f3n.<\/p>\n","protected":false},"excerpt":{"rendered":"<p>Gotas de color: Elegancia luminosa.<\/p>\n","protected":false},"featured_media":1400,"comment_status":"open","ping_status":"closed","template":"","meta":{"_et_pb_use_builder":"","_et_pb_old_content":"","_et_gb_content_width":""},"product_brand":[],"product_cat":[127],"product_tag":[193,247],"class_list":{"0":"post-1429","1":"product","2":"type-product","3":"status-publish","4":"has-post-thumbnail","6":"product_cat-pulseras","7":"product_tag-gota","8":"product_tag-juvenil","10":"first","11":"instock","12":"taxable","13":"shipping-taxable","14":"purchasable","15":"product-type-variable"},"_links":{"self":[{"href":"https:\/\/chicscharms.com\/es\/wp-json\/wp\/v2\/product\/1429"}],"collection":[{"href":"https:\/\/chicscharms.com\/es\/wp-json\/wp\/v2\/product"}],"about":[{"href":"https:\/\/chicscharms.com\/es\/wp-json\/wp\/v2\/types\/product"}],"replies":[{"embeddable":true,"href":"https:\/\/chicscharms.com\/es\/wp-json\/wp\/v2\/comments?post=1429"}],"wp:featuredmedia":[{"embeddable":true,"href":"https:\/\/chicscharms.com\/es\/wp-json\/wp\/v2\/media\/1400"}],"wp:attachment":[{"href":"https:\/\/chicscharms.com\/es\/wp-json\/wp\/v2\/media?parent=1429"}],"wp:term":[{"taxonomy":"product_brand","embeddable":true,"href":"https:\/\/chicscharms.com\/es\/wp-json\/wp\/v2\/product_brand?post=1429"},{"taxonomy":"product_cat","embeddable":true,"href":"https:\/\/chicscharms.com\/es\/wp-json\/wp\/v2\/product_cat?post=1429"},{"taxonomy":"product_tag","embeddable":true,"href":"https:\/\/chicscharms.com\/es\/wp-json\/wp\/v2\/product_tag?post=1429"}],"curies":[{"name":"wp","href":"https:\/\/api.w.org\/{rel}","templated":true}]}}