{"id":1332,"date":"2024-02-04T19:07:44","date_gmt":"2024-02-04T19:07:44","guid":{"rendered":"https:\/\/chicscharms.com\/shop\/brazalete-mordida-de-raton\/"},"modified":"2024-02-25T18:53:10","modified_gmt":"2024-02-25T18:53:10","slug":"brazalete-mordida-de-raton","status":"publish","type":"product","link":"https:\/\/chicscharms.com\/es\/tienda\/brazalete-mordida-de-raton\/","title":{"rendered":"Brazalete Mordida de Rat\u00f3n"},"content":{"rendered":"<p>Nuestra pulsera Mouse Bite combina audacia y encanto en un dise\u00f1o \u00fanico. Elaborada en plata de ley de alta calidad, esta pulsera presenta un dise\u00f1o innovador con la figura de un rat\u00f3n mordiendo un aro, que a\u00f1ade un toque de intriga a su estilo. El meticuloso trabajo artesanal garantiza la durabilidad y el detalle, mientras que el cierre seguro asegura un ajuste c\u00f3modo. Esta pulsera es una declaraci\u00f3n de estilo que no pasar\u00e1 desapercibida, perfecta para quienes buscan destacar con un accesorio distintivo lleno de personalidad.<\/p>\n","protected":false},"excerpt":{"rendered":"<p>Intrigante: Rat\u00f3n mordiendo aro.<\/p>\n","protected":false},"featured_media":337,"comment_status":"open","ping_status":"closed","template":"","meta":{"_et_pb_use_builder":"","_et_pb_old_content":"","_et_gb_content_width":""},"product_brand":[],"product_cat":[127],"product_tag":[203,137,247,244,136],"class_list":{"0":"post-1332","1":"product","2":"type-product","3":"status-publish","4":"has-post-thumbnail","6":"product_cat-pulseras","7":"product_tag-animales","8":"product_tag-brillante","9":"product_tag-juvenil","10":"product_tag-moderno","11":"product_tag-ratoncito","13":"first","14":"instock","15":"taxable","16":"shipping-taxable","17":"purchasable","18":"product-type-variable"},"_links":{"self":[{"href":"https:\/\/chicscharms.com\/es\/wp-json\/wp\/v2\/product\/1332"}],"collection":[{"href":"https:\/\/chicscharms.com\/es\/wp-json\/wp\/v2\/product"}],"about":[{"href":"https:\/\/chicscharms.com\/es\/wp-json\/wp\/v2\/types\/product"}],"replies":[{"embeddable":true,"href":"https:\/\/chicscharms.com\/es\/wp-json\/wp\/v2\/comments?post=1332"}],"wp:featuredmedia":[{"embeddable":true,"href":"https:\/\/chicscharms.com\/es\/wp-json\/wp\/v2\/media\/337"}],"wp:attachment":[{"href":"https:\/\/chicscharms.com\/es\/wp-json\/wp\/v2\/media?parent=1332"}],"wp:term":[{"taxonomy":"product_brand","embeddable":true,"href":"https:\/\/chicscharms.com\/es\/wp-json\/wp\/v2\/product_brand?post=1332"},{"taxonomy":"product_cat","embeddable":true,"href":"https:\/\/chicscharms.com\/es\/wp-json\/wp\/v2\/product_cat?post=1332"},{"taxonomy":"product_tag","embeddable":true,"href":"https:\/\/chicscharms.com\/es\/wp-json\/wp\/v2\/product_tag?post=1332"}],"curies":[{"name":"wp","href":"https:\/\/api.w.org\/{rel}","templated":true}]}}