{"id":1217,"date":"2024-01-07T02:51:55","date_gmt":"2024-01-07T02:51:55","guid":{"rendered":"https:\/\/chicscharms.com\/shop\/aretes-llaves-de-elegancia\/"},"modified":"2024-01-07T02:51:55","modified_gmt":"2024-01-07T02:51:55","slug":"aretes-llaves-de-elegancia","status":"publish","type":"product","link":"https:\/\/chicscharms.com\/es\/tienda\/aretes-llaves-de-elegancia\/","title":{"rendered":"Aretes Llaves de Elegancia"},"content":{"rendered":"<p>Descubra el simbolismo \u00fanico de los pendientes. Estos cautivadores pendientes de plata de ley presentan una exquisita forma de llave, que evoca misterio y estilo. La delicada artesan\u00eda se combina con un simbolismo atemporal, creando una pieza que no s\u00f3lo adorna, sino que tambi\u00e9n cuenta una historia. Perfectos para cualquier ocasi\u00f3n, estos pendientes son una declaraci\u00f3n de elegancia y originalidad, y reflejan la llave \u00fanica que abre el camino hacia su estilo distintivo.<\/p>\n","protected":false},"excerpt":{"rendered":"<p>Llave de la Elegancia: estilo que abre aretes.<\/p>\n","protected":false},"featured_media":347,"comment_status":"open","ping_status":"closed","template":"","meta":{"_et_pb_use_builder":"","_et_pb_old_content":"","_et_gb_content_width":""},"product_brand":[],"product_cat":[128],"product_tag":[137,250,139],"class_list":{"0":"post-1217","1":"product","2":"type-product","3":"status-publish","4":"has-post-thumbnail","6":"product_cat-aretes","7":"product_tag-brillante","8":"product_tag-llave","9":"product_tag-solo-plata","11":"first","12":"instock","13":"taxable","14":"shipping-taxable","15":"purchasable","16":"product-type-simple"},"_links":{"self":[{"href":"https:\/\/chicscharms.com\/es\/wp-json\/wp\/v2\/product\/1217"}],"collection":[{"href":"https:\/\/chicscharms.com\/es\/wp-json\/wp\/v2\/product"}],"about":[{"href":"https:\/\/chicscharms.com\/es\/wp-json\/wp\/v2\/types\/product"}],"replies":[{"embeddable":true,"href":"https:\/\/chicscharms.com\/es\/wp-json\/wp\/v2\/comments?post=1217"}],"wp:featuredmedia":[{"embeddable":true,"href":"https:\/\/chicscharms.com\/es\/wp-json\/wp\/v2\/media\/347"}],"wp:attachment":[{"href":"https:\/\/chicscharms.com\/es\/wp-json\/wp\/v2\/media?parent=1217"}],"wp:term":[{"taxonomy":"product_brand","embeddable":true,"href":"https:\/\/chicscharms.com\/es\/wp-json\/wp\/v2\/product_brand?post=1217"},{"taxonomy":"product_cat","embeddable":true,"href":"https:\/\/chicscharms.com\/es\/wp-json\/wp\/v2\/product_cat?post=1217"},{"taxonomy":"product_tag","embeddable":true,"href":"https:\/\/chicscharms.com\/es\/wp-json\/wp\/v2\/product_tag?post=1217"}],"curies":[{"name":"wp","href":"https:\/\/api.w.org\/{rel}","templated":true}]}}