{"id":1190,"date":"2024-01-07T02:44:20","date_gmt":"2024-01-07T02:44:20","guid":{"rendered":"https:\/\/chicscharms.com\/shop\/pendientes-de-ondas-en-armonia\/"},"modified":"2024-03-02T01:57:59","modified_gmt":"2024-03-02T01:57:59","slug":"pendientes-de-ondas-en-armonia","status":"publish","type":"product","link":"https:\/\/chicscharms.com\/es\/tienda\/pendientes-de-ondas-en-armonia\/","title":{"rendered":"Aretes Slip In Hoops"},"content":{"rendered":"<p>Explore la serenidad del dise\u00f1o con estos pendientes. Estos preciosos pendientes de plata de ley capturan la gracia de las suaves olas, creando un movimiento fluido que complementa su estilo con elegancia y modernidad. La excepcional artesan\u00eda resalta la refinada sencillez, haciendo de este anillo una expresi\u00f3n de su esencia \u00fanica. Con un toque contempor\u00e1neo y atemporal, son la elecci\u00f3n perfecta para quienes buscan una fusi\u00f3n de estilo y serenidad en cada detalle.<\/p>\n","protected":false},"excerpt":{"rendered":"<p>Pendientes con ondas de elegancia<\/p>\n","protected":false},"featured_media":344,"comment_status":"open","ping_status":"closed","template":"","meta":{"_et_pb_use_builder":"","_et_pb_old_content":"","_et_gb_content_width":""},"product_brand":[],"product_cat":[128],"product_tag":[139],"class_list":{"0":"post-1190","1":"product","2":"type-product","3":"status-publish","4":"has-post-thumbnail","6":"product_cat-aretes","7":"product_tag-solo-plata","9":"first","10":"instock","11":"taxable","12":"shipping-taxable","13":"purchasable","14":"product-type-variable"},"_links":{"self":[{"href":"https:\/\/chicscharms.com\/es\/wp-json\/wp\/v2\/product\/1190"}],"collection":[{"href":"https:\/\/chicscharms.com\/es\/wp-json\/wp\/v2\/product"}],"about":[{"href":"https:\/\/chicscharms.com\/es\/wp-json\/wp\/v2\/types\/product"}],"replies":[{"embeddable":true,"href":"https:\/\/chicscharms.com\/es\/wp-json\/wp\/v2\/comments?post=1190"}],"wp:featuredmedia":[{"embeddable":true,"href":"https:\/\/chicscharms.com\/es\/wp-json\/wp\/v2\/media\/344"}],"wp:attachment":[{"href":"https:\/\/chicscharms.com\/es\/wp-json\/wp\/v2\/media?parent=1190"}],"wp:term":[{"taxonomy":"product_brand","embeddable":true,"href":"https:\/\/chicscharms.com\/es\/wp-json\/wp\/v2\/product_brand?post=1190"},{"taxonomy":"product_cat","embeddable":true,"href":"https:\/\/chicscharms.com\/es\/wp-json\/wp\/v2\/product_cat?post=1190"},{"taxonomy":"product_tag","embeddable":true,"href":"https:\/\/chicscharms.com\/es\/wp-json\/wp\/v2\/product_tag?post=1190"}],"curies":[{"name":"wp","href":"https:\/\/api.w.org\/{rel}","templated":true}]}}