{"id":873,"date":"2023-12-13T17:38:51","date_gmt":"2023-12-13T17:38:51","guid":{"rendered":"https:\/\/chicscharms.com\/?page_id=873"},"modified":"2024-02-02T03:44:00","modified_gmt":"2024-02-02T03:44:00","slug":"aviso-de-privacidad","status":"publish","type":"page","link":"https:\/\/chicscharms.com\/es\/aviso-de-privacidad\/","title":{"rendered":"Aviso de Privacidad"},"content":{"rendered":"<p>Chics Charms mejor conocido como chicscharms.com, con domicilio en Charlotte, Carolina del Norte, Estados Unidos. y portal de internet https:\/\/chicscharms.com\/privacy-policy\/, es el responsable del uso y protecci\u00f3n de sus datos personales, y al respecto le informamos lo siguiente:<\/p><h2 class=\"wp-block-heading\"><strong>\u00bfPara qu\u00e9 fines utilizaremos sus datos personales?<\/strong><\/h2><p>Los datos personales que recabamos de usted, los utilizaremos para las siguientes finalidades que son necesarias para el servicio que solicita:<\/p><ul class=\"wp-block-list\"><li>Respuesta a mensajes del formulario de contacto.<\/li>\n\n<li>Env\u00edo de productos adquiridos en esta tienda en l\u00ednea.<\/li>\n\n<li>Mejora de nuestros productos y servicios.<\/li>\n\n<li>Comunicaci\u00f3n de promociones, ofertas especiales y actualizaciones sobre nuestros productos y servicios.<\/li><\/ul><h2 class=\"wp-block-heading\"><strong>\u00bfQu\u00e9 datos personales utilizaremos para estos fines?<\/strong><\/h2><p>Para llevar a cabo las finalidades descritas en el presente aviso de privacidad, utilizaremos los siguientes datos personales:<\/p><ul class=\"wp-block-list\"><li>Datos de identificaci\u00f3n y contacto, como nombre, direcci\u00f3n postal, direcci\u00f3n de correo electr\u00f3nico y n\u00famero de tel\u00e9fono.<\/li>\n\n<li>Informaci\u00f3n de transacciones, como detalles de la compra y m\u00e9todo de pago.<\/li>\n\n<li>Informaci\u00f3n de interacci\u00f3n en l\u00ednea, como cookies, direcciones IP y datos de navegaci\u00f3n.<\/li><\/ul><h2 class=\"wp-block-heading\"><strong>\u00bfC\u00f3mo puede limitar el uso o divulgaci\u00f3n de sus datos personales?<\/strong><\/h2><p>Usted puede limitar el uso o divulgaci\u00f3n de sus datos personales al contactarnos a trav\u00e9s de los medios proporcionados al final de este aviso de privacidad.<\/p><h2 class=\"wp-block-heading\"><strong>\u00bfC\u00f3mo puede acceder, rectificar o cancelar sus datos personales, u oponerse a su uso?<\/strong><\/h2><p>Usted tiene derecho a acceder a sus datos personales en nuestro poder y a solicitar la correcci\u00f3n, actualizaci\u00f3n o eliminaci\u00f3n de los mismos, as\u00ed como a oponerse al uso de sus datos personales para fines espec\u00edficos. Para ejercer estos derechos, por favor cont\u00e1ctenos utilizando la informaci\u00f3n proporcionada al final de este aviso de privacidad.<\/p><h2 class=\"wp-block-heading\"><strong>El uso de tecnolog\u00edas de rastreo en nuestro portal de internet<\/strong><\/h2><p>Le informamos que en nuestra p\u00e1gina de internet utilizamos cookies, web beacons u otras tecnolog\u00edas, a trav\u00e9s de las cuales es posible monitorear su comportamiento como usuario de internet, as\u00ed como brindarle un mejor servicio y experiencia al navegar en nuestra p\u00e1gina. Los datos personales que obtenemos de estas tecnolog\u00edas de rastreo son los siguientes:<\/p><p>Identificadores, nombre de usuario y contrase\u00f1as de sesi\u00f3n, Regi\u00f3n en la que se encuentra el usuario<\/p><p>Estas cookies, web beacons y otras tecnolog\u00edas pueden ser deshabilitadas. Para conocer c\u00f3mo hacerlo, consulte el men\u00fa de ayuda de su navegador. Tenga en cuenta que, en caso de desactivar las cookies, es posible que no pueda acceder a ciertas funciones personalizadas en nuestros sitio web.<\/p><h2 class=\"wp-block-heading\"><strong>\u00bfC\u00f3mo puede conocer los cambios en este aviso de privacidad?<\/strong><\/h2><p>El presente aviso de privacidad puede sufrir modificaciones, cambios o actualizaciones derivadas de nuevos requerimientos legales; de nuestras propias necesidades por los productos o servicios que ofrecemos; de nuestras pr\u00e1cticas de privacidad; de cambios en nuestro modelo de negocio, o por otras causas. Nos comprometemos a mantener actualizado este aviso de privacidad sobre los cambios que pueda sufrir y siempre podr\u00e1 consultar las actualizaciones que existan en el sitio web https:\/\/chicscharms.com\/privacy-policy\/.<\/p><h2 class=\"wp-block-heading\"><strong>Informaci\u00f3n de contacto<\/strong><\/h2><p>Si tiene preguntas o inquietudes sobre este aviso de privacidad o sobre el manejo de sus datos personales, puede comunicarse con nosotros a trav\u00e9s del correo electr\u00f3nico contact@chicscharms.com.<\/p><p id=\"aviso-format\">\u00daltima actualizaci\u00f3n de este\u00a0aviso de privacidad: 1\/Febrero\/2024<\/p>","protected":false},"excerpt":{"rendered":"<p>Chics Charms mejor conocido como chicscharms.com, con domicilio en Charlotte, Carolina del Norte, Estados Unidos. y portal de internet https:\/\/chicscharms.com\/privacy-policy\/, es el responsable del uso y protecci\u00f3n de sus datos personales, y al respecto le informamos lo siguiente: \u00bfPara qu\u00e9 fines utilizaremos sus datos personales? Los datos personales que recabamos de usted, los utilizaremos para [&hellip;]<\/p>\n","protected":false},"author":1,"featured_media":0,"parent":0,"menu_order":0,"comment_status":"closed","ping_status":"closed","template":"","meta":{"_et_pb_use_builder":"","_et_pb_old_content":"","_et_gb_content_width":"1280","footnotes":""},"class_list":["post-873","page","type-page","status-publish","hentry"],"_links":{"self":[{"href":"https:\/\/chicscharms.com\/es\/wp-json\/wp\/v2\/pages\/873"}],"collection":[{"href":"https:\/\/chicscharms.com\/es\/wp-json\/wp\/v2\/pages"}],"about":[{"href":"https:\/\/chicscharms.com\/es\/wp-json\/wp\/v2\/types\/page"}],"author":[{"embeddable":true,"href":"https:\/\/chicscharms.com\/es\/wp-json\/wp\/v2\/users\/1"}],"replies":[{"embeddable":true,"href":"https:\/\/chicscharms.com\/es\/wp-json\/wp\/v2\/comments?post=873"}],"version-history":[{"count":3,"href":"https:\/\/chicscharms.com\/es\/wp-json\/wp\/v2\/pages\/873\/revisions"}],"predecessor-version":[{"id":1289,"href":"https:\/\/chicscharms.com\/es\/wp-json\/wp\/v2\/pages\/873\/revisions\/1289"}],"wp:attachment":[{"href":"https:\/\/chicscharms.com\/es\/wp-json\/wp\/v2\/media?parent=873"}],"curies":[{"name":"wp","href":"https:\/\/api.w.org\/{rel}","templated":true}]}}